{"id":193,"date":"2023-01-20T12:49:50","date_gmt":"2023-01-20T11:49:50","guid":{"rendered":"https:\/\/fenaco.promovetm.com\/mentoring\/"},"modified":"2023-01-23T03:02:35","modified_gmt":"2023-01-23T02:02:35","slug":"mentoring","status":"publish","type":"page","link":"https:\/\/fenaco.promovetm.com\/fr\/mentoring\/","title":{"rendered":"Mentoring"},"content":{"rendered":"\n<p>Dans le cadre du mentoring, les futurs cadres ont la possibilit\u00e9 de s&rsquo;engager dans un processus d&rsquo;\u00e9change syst\u00e9matique avec des cadres exp\u00e9riment\u00e9s s\u00e9lectionn\u00e9s. Lors des sparrings r\u00e9guliers avec les mentors, les jeunes cadres peuvent refl\u00e9ter leurs propres situations en toute confidentialit\u00e9 et profiter ainsi de l&rsquo;exp\u00e9rience des \u00ab\u00a0vieux renards\u00a0\u00bb.<\/p>\n\n<p>Si tu veux savoir comment tu peux toi aussi d\u00e9marrer un programme de mentoring, prends contact avec nous.<\/p>\n\n<p><a href=\"https:\/\/fenaco.promovetm.com\/fr\/coaching\/\">Prendre contact<\/a><\/p>\n","protected":false},"excerpt":{"rendered":"<p>Dans le cadre du mentoring, les futurs cadres ont la possibilit\u00e9 de s&rsquo;engager dans un processus d&rsquo;\u00e9change syst\u00e9matique avec des cadres exp\u00e9riment\u00e9s s\u00e9lectionn\u00e9s. Lors des sparrings r\u00e9guliers avec les mentors, les jeunes cadres peuvent refl\u00e9ter leurs propres situations en toute confidentialit\u00e9 et profiter ainsi de l&rsquo;exp\u00e9rience des \u00ab\u00a0vieux renards\u00a0\u00bb. Si tu veux savoir comment tu [&hellip;]<\/p>\n","protected":false},"author":2,"featured_media":0,"parent":0,"menu_order":0,"comment_status":"closed","ping_status":"closed","template":"","meta":{"_acf_changed":false,"footnotes":""},"class_list":["post-193","page","type-page","status-publish","hentry"],"acf":[],"_links":{"self":[{"href":"https:\/\/fenaco.promovetm.com\/fr\/wp-json\/wp\/v2\/pages\/193","targetHints":{"allow":["GET"]}}],"collection":[{"href":"https:\/\/fenaco.promovetm.com\/fr\/wp-json\/wp\/v2\/pages"}],"about":[{"href":"https:\/\/fenaco.promovetm.com\/fr\/wp-json\/wp\/v2\/types\/page"}],"author":[{"embeddable":true,"href":"https:\/\/fenaco.promovetm.com\/fr\/wp-json\/wp\/v2\/users\/2"}],"replies":[{"embeddable":true,"href":"https:\/\/fenaco.promovetm.com\/fr\/wp-json\/wp\/v2\/comments?post=193"}],"version-history":[{"count":1,"href":"https:\/\/fenaco.promovetm.com\/fr\/wp-json\/wp\/v2\/pages\/193\/revisions"}],"predecessor-version":[{"id":194,"href":"https:\/\/fenaco.promovetm.com\/fr\/wp-json\/wp\/v2\/pages\/193\/revisions\/194"}],"wp:attachment":[{"href":"https:\/\/fenaco.promovetm.com\/fr\/wp-json\/wp\/v2\/media?parent=193"}],"curies":[{"name":"wp","href":"https:\/\/api.w.org\/{rel}","templated":true}]}}