{"id":204,"date":"2023-01-20T12:51:24","date_gmt":"2023-01-20T11:51:24","guid":{"rendered":"https:\/\/fenaco.promovetm.com\/?page_id=204"},"modified":"2023-01-23T08:46:03","modified_gmt":"2023-01-23T07:46:03","slug":"organisational-check","status":"publish","type":"page","link":"https:\/\/fenaco.promovetm.com\/fr\/organisational-check\/","title":{"rendered":"Organisational Check"},"content":{"rendered":"\n<p>Dans 70% des projets de changement, le succ\u00e8s n&rsquo;est pas \u00e0 la hauteur des attentes. Cela n&rsquo;est pas d\u00fb \u00e0 une gestion de projet non professionnelle, mais au fait que les collaborateurs sont peu enclins \u00e0 se pencher de mani\u00e8re responsable sur la transformation \u00e0 venir.&nbsp;<\/p>\n\n\n\n<p>Si les collaborateurs ne sont pas convaincus de l&rsquo;utilit\u00e9 du changement ou s&rsquo;ils estiment que les avantages pour l&rsquo;entreprise et pour eux-m\u00eames sont minimes, ils trouveront suffisamment de possibilit\u00e9s pour drainer l&rsquo;\u00e9nergie du projet.&nbsp;<\/p>\n\n\n\n<p>L&rsquo;Organisation Check montre o\u00f9 les projets de changement se heurteront aux plus grandes r\u00e9sistances, mais aussi o\u00f9 ils peuvent avoir le plus grand effet de levier. Il est ainsi possible de donner des impulsions tr\u00e8s cibl\u00e9es l\u00e0 o\u00f9 la dynamique de changement est la plus forte.&nbsp;<\/p>\n\n\n\n<p>Si tu veux savoir ce qu&rsquo;un Organisation Check peut signifier pour toi et ton environnement, prends contact avec nous.&nbsp;<\/p>\n\n\n\n<p><a href=\"https:\/\/fenaco.promovetm.com\/fr\/coaching\/\" data-type=\"page\">Prendre contact\u00a0<\/a><\/p>\n","protected":false},"excerpt":{"rendered":"<p>Dans 70% des projets de changement, le succ\u00e8s n&rsquo;est pas \u00e0 la hauteur des attentes. Cela n&rsquo;est pas d\u00fb \u00e0 une gestion de projet non professionnelle, mais au fait que les collaborateurs sont peu enclins \u00e0 se pencher de mani\u00e8re responsable sur la transformation \u00e0 venir.&nbsp; Si les collaborateurs ne sont pas convaincus de l&rsquo;utilit\u00e9 [&hellip;]<\/p>\n","protected":false},"author":2,"featured_media":0,"parent":0,"menu_order":0,"comment_status":"closed","ping_status":"closed","template":"","meta":{"_acf_changed":false,"footnotes":""},"class_list":["post-204","page","type-page","status-publish","hentry"],"acf":[],"_links":{"self":[{"href":"https:\/\/fenaco.promovetm.com\/fr\/wp-json\/wp\/v2\/pages\/204","targetHints":{"allow":["GET"]}}],"collection":[{"href":"https:\/\/fenaco.promovetm.com\/fr\/wp-json\/wp\/v2\/pages"}],"about":[{"href":"https:\/\/fenaco.promovetm.com\/fr\/wp-json\/wp\/v2\/types\/page"}],"author":[{"embeddable":true,"href":"https:\/\/fenaco.promovetm.com\/fr\/wp-json\/wp\/v2\/users\/2"}],"replies":[{"embeddable":true,"href":"https:\/\/fenaco.promovetm.com\/fr\/wp-json\/wp\/v2\/comments?post=204"}],"version-history":[{"count":1,"href":"https:\/\/fenaco.promovetm.com\/fr\/wp-json\/wp\/v2\/pages\/204\/revisions"}],"predecessor-version":[{"id":205,"href":"https:\/\/fenaco.promovetm.com\/fr\/wp-json\/wp\/v2\/pages\/204\/revisions\/205"}],"wp:attachment":[{"href":"https:\/\/fenaco.promovetm.com\/fr\/wp-json\/wp\/v2\/media?parent=204"}],"curies":[{"name":"wp","href":"https:\/\/api.w.org\/{rel}","templated":true}]}}